{"id":4154,"date":"2024-02-07T18:53:10","date_gmt":"2024-02-07T21:53:10","guid":{"rendered":"https:\/\/ygj.bma.mybluehost.me\/?page_id=4154"},"modified":"2026-04-23T00:13:14","modified_gmt":"2026-04-23T03:13:14","slug":"landing","status":"publish","type":"page","link":"https:\/\/germanbruno.com\/es\/landing\/","title":{"rendered":"Landing"},"content":{"rendered":"<div data-elementor-type=\"wp-page\" data-elementor-id=\"4154\" class=\"elementor elementor-4154\">\n\t\t\t\t\t\t<section class=\"elementor-section elementor-top-section elementor-element elementor-element-b8d7a3d elementor-section-full_width elementor-section-height-min-height elementor-section-height-default elementor-section-items-middle\" data-id=\"b8d7a3d\" data-element_type=\"section\" data-settings=\"{&quot;background_background&quot;:&quot;classic&quot;,&quot;shape_divider_bottom&quot;:&quot;tilt&quot;}\">\n\t\t\t\t\t\t\t<div class=\"elementor-background-overlay\"><\/div>\n\t\t\t\t\t\t<div class=\"elementor-shape elementor-shape-bottom\" aria-hidden=\"true\" data-negative=\"false\">\n\t\t\t<svg xmlns=\"http:\/\/www.w3.org\/2000\/svg\" viewbox=\"0 0 1000 100\" preserveaspectratio=\"none\">\n\t<path class=\"elementor-shape-fill\" d=\"M0,6V0h1000v100L0,6z\"\/>\n<\/svg>\t\t<\/div>\n\t\t\t\t\t<div class=\"elementor-container elementor-column-gap-custom\">\n\t\t\t\t\t<div class=\"elementor-column elementor-col-50 elementor-top-column elementor-element elementor-element-cbe8e88 elementor-hidden-mobile\" data-id=\"cbe8e88\" data-element_type=\"column\">\n\t\t\t<div class=\"elementor-widget-wrap\">\n\t\t\t\t\t\t\t<\/div>\n\t\t<\/div>\n\t\t\t\t<div class=\"elementor-column elementor-col-50 elementor-top-column elementor-element elementor-element-ec48c13\" data-id=\"ec48c13\" data-element_type=\"column\">\n\t\t\t<div class=\"elementor-widget-wrap elementor-element-populated\">\n\t\t\t\t\t\t<div class=\"elementor-element elementor-element-868e2b4 elementor-hidden-mobile elementor-invisible elementor-widget elementor-widget-heading\" data-id=\"868e2b4\" data-element_type=\"widget\" data-settings=\"{&quot;_animation&quot;:&quot;fadeInDown&quot;}\" data-widget_type=\"heading.default\">\n\t\t\t\t<div class=\"elementor-widget-container\">\n\t\t\t\t\t<h1 class=\"elementor-heading-title elementor-size-default translation-block\">SOLO<br> ALUMNOS<\/h1>\t\t\t\t<\/div>\n\t\t\t\t<\/div>\n\t\t\t\t<div class=\"elementor-element elementor-element-e0b8771 elementor-hidden-desktop elementor-hidden-tablet elementor-invisible elementor-widget elementor-widget-heading\" data-id=\"e0b8771\" data-element_type=\"widget\" data-settings=\"{&quot;_animation&quot;:&quot;fadeInDown&quot;}\" data-widget_type=\"heading.default\">\n\t\t\t\t<div class=\"elementor-widget-container\">\n\t\t\t\t\t<h1 class=\"elementor-heading-title elementor-size-default translation-block\">SOLO<br> ALUMNOS<\/h1>\t\t\t\t<\/div>\n\t\t\t\t<\/div>\n\t\t\t\t\t<\/div>\n\t\t<\/div>\n\t\t\t\t\t<\/div>\n\t\t<\/section>\n\t\t\t\t<section class=\"elementor-section elementor-top-section elementor-element elementor-element-b773729 elementor-section-boxed elementor-section-height-default elementor-section-height-default\" data-id=\"b773729\" data-element_type=\"section\">\n\t\t\t\t\t\t<div class=\"elementor-container elementor-column-gap-default\">\n\t\t\t\t\t<div class=\"elementor-column elementor-col-100 elementor-top-column elementor-element elementor-element-b0f7023 hide-logged-out\" data-id=\"b0f7023\" data-element_type=\"column\">\n\t\t\t<div class=\"elementor-widget-wrap elementor-element-populated\">\n\t\t\t\t\t\t<section class=\"elementor-section elementor-inner-section elementor-element elementor-element-5ed3fad elementor-section-boxed elementor-section-height-default elementor-section-height-default\" data-id=\"5ed3fad\" data-element_type=\"section\">\n\t\t\t\t\t\t<div class=\"elementor-container elementor-column-gap-default\">\n\t\t\t\t\t<div class=\"elementor-column elementor-col-100 elementor-inner-column elementor-element elementor-element-10dcdd9\" data-id=\"10dcdd9\" data-element_type=\"column\">\n\t\t\t<div class=\"elementor-widget-wrap elementor-element-populated\">\n\t\t\t\t\t\t<div class=\"elementor-element elementor-element-8ee7638 elementor-widget elementor-widget-shortcode\" data-id=\"8ee7638\" data-element_type=\"widget\" data-widget_type=\"shortcode.default\">\n\t\t\t\t<div class=\"elementor-widget-container\">\n\t\t\t\t\t\t\t<div class=\"elementor-shortcode\"><p>\n<div style=\"float: left;\">\n  <div style=\"float: left;\">\u00a1Hola&nbsp;<\/div>\n  <div style=\"float: left;\">\n ! \n<\/div>\n<br>\n<div >\n  <div style=\"float: left;\" id=\"parentDivTaoLogout\" onclick=\"(document.getElementById( 'parentDivTaoLogout' ).getElementsByClassName('pmpro_member_log_out')[0]).firstChild.href+='&amp;redirect_to=%2Flanding'; return true;\">\t\t\t\t<div class=\"pmpro_login_wrap\">\n\t\t\t\t\t<h2>Iniciar Sesi\u00f3n<\/h2>\t\t\t\t\t<form name=\"loginform\" id=\"loginform\" action=\"https:\/\/germanbruno.com\/wp-login.php\" method=\"post\" data-trp-original-action=\"https:\/\/germanbruno.com\/wp-login.php\"><input type=\"hidden\" name=\"pmpro_login_form_used\" value=\"1\" \/><p class=\"login-username\">\n\t\t\t\t<label for=\"user_login\">Nombre de usuario o correo electr\u00f3nico<\/label>\n\t\t\t\t<input type=\"text\" name=\"log\" id=\"user_login\" autocomplete=\"username\" class=\"input\" value=\"\" size=\"20\" \/>\n\t\t\t<\/p><p class=\"login-password\">\n\t\t\t\t<label for=\"user_pass\">Contrase\u00f1a<\/label>\n\t\t\t\t<input type=\"password\" name=\"pwd\" id=\"user_pass\" autocomplete=\"current-password\" spellcheck=\"false\" class=\"input\" value=\"\" size=\"20\" \/>\n\t\t\t<\/p><p class=\"login-remember\"><label><input name=\"rememberme\" type=\"checkbox\" id=\"rememberme\" value=\"forever\" \/> Recu\u00e9rdame<\/label><\/p><p class=\"login-submit\">\n\t\t\t\t<input type=\"submit\" name=\"wp-submit\" id=\"wp-submit\" class=\"button button-primary\" value=\"Acceder\" \/>\n\t\t\t\t<input type=\"hidden\" name=\"redirect_to\" value=\"\" \/>\n\t\t\t<\/p><input type=\"hidden\" name=\"trp-form-language\" value=\"es\"\/><\/form>\t<hr \/>\n\t<p class=\"pmpro_actions_nav\">\n\t\t<a href=\"https:\/\/germanbruno.com\/es\/membership-account\/membership-levels\/\">Join Now<\/a> | <a href=\"https:\/\/germanbruno.com\/es\/login\/?action=reset_pass\">Lost Password?<\/a>\t<\/p> <!-- end pmpro_actions_nav -->\n\t\t\t\t\t<\/div> <!-- end pmpro_login_wrap -->\n\t\t\t\t\n\t\t\t\t\n  <\/div>\n  <div style=\"float: left;\">&nbsp;&nbsp;&nbsp;<\/div>\n  <div style=\"float: left;\">\n     <a href=\"https:\/\/germanbruno.com\/es\/membership-account\/\" class=\"hfe-menu-item\">Mi Cuenta<\/a>\n   <\/div>\n<\/div>\n<\/p><\/div>\n\t\t\t\t\t\t<\/div>\n\t\t\t\t<\/div>\n\t\t\t\t\t<\/div>\n\t\t<\/div>\n\t\t\t\t\t<\/div>\n\t\t<\/section>\n\t\t\t\t\t<\/div>\n\t\t<\/div>\n\t\t\t\t\t<\/div>\n\t\t<\/section>\n\t\t\t\t<section class=\"elementor-section elementor-top-section elementor-element elementor-element-695a0ae hide-logged-out elementor-section-boxed elementor-section-height-default elementor-section-height-default\" data-id=\"695a0ae\" data-element_type=\"section\">\n\t\t\t\t\t\t<div class=\"elementor-container elementor-column-gap-default\">\n\t\t\t\t\t<div class=\"elementor-column elementor-col-100 elementor-top-column elementor-element elementor-element-8ae00de\" data-id=\"8ae00de\" data-element_type=\"column\">\n\t\t\t<div class=\"elementor-widget-wrap elementor-element-populated\">\n\t\t\t\t\t\t<div class=\"elementor-element elementor-element-b26c00a elementor-widget elementor-widget-heading\" data-id=\"b26c00a\" data-element_type=\"widget\" data-widget_type=\"heading.default\">\n\t\t\t\t<div class=\"elementor-widget-container\">\n\t\t\t\t\t<h2 class=\"elementor-heading-title elementor-size-default\">Cursos comprados:<\/h2>\t\t\t\t<\/div>\n\t\t\t\t<\/div>\n\t\t\t\t\t<\/div>\n\t\t<\/div>\n\t\t\t\t\t<\/div>\n\t\t<\/section>\n\t\t\t\t<section class=\"elementor-section elementor-top-section elementor-element elementor-element-36eb778 hide-logged-out elementor-section-boxed elementor-section-height-default elementor-section-height-default\" data-id=\"36eb778\" data-element_type=\"section\">\n\t\t\t\t\t\t<div class=\"elementor-container elementor-column-gap-default\">\n\t\t\t\t\t<div class=\"elementor-column elementor-col-100 elementor-top-column elementor-element elementor-element-cd253f7\" data-id=\"cd253f7\" data-element_type=\"column\">\n\t\t\t<div class=\"elementor-widget-wrap elementor-element-populated\">\n\t\t\t\t\t\t<div class=\"elementor-element elementor-element-024e65f elementor-widget elementor-widget-text-editor\" data-id=\"024e65f\" data-element_type=\"widget\" data-widget_type=\"text-editor.default\">\n\t\t\t\t<div class=\"elementor-widget-container\">\n\t\t\t\t\t\t\t\t\t<p><strong>Cursos que compraste:\u00a0<a href=\"https:\/\/germanbruno.com\/es\/dashboard\/enrolled-courses\/\">Clic aqu\u00ed para continuar los cursos que est\u00e1s haciendo a tu propio ritmo<\/a><\/strong><\/p>\t\t\t\t\t\t\t\t<\/div>\n\t\t\t\t<\/div>\n\t\t\t\t\t<\/div>\n\t\t<\/div>\n\t\t\t\t\t<\/div>\n\t\t<\/section>\n\t\t\t\t<section class=\"elementor-section elementor-top-section elementor-element elementor-element-949ac1e hide-logged-out elementor-section-boxed elementor-section-height-default elementor-section-height-default\" data-id=\"949ac1e\" data-element_type=\"section\">\n\t\t\t\t\t\t<div class=\"elementor-container elementor-column-gap-default\">\n\t\t\t\t\t<div class=\"elementor-column elementor-col-100 elementor-top-column elementor-element elementor-element-f643821\" data-id=\"f643821\" data-element_type=\"column\">\n\t\t\t<div class=\"elementor-widget-wrap elementor-element-populated\">\n\t\t\t\t\t\t<div class=\"elementor-element elementor-element-fb3e7d3 elementor-widget elementor-widget-text-editor\" data-id=\"fb3e7d3\" data-element_type=\"widget\" data-widget_type=\"text-editor.default\">\n\t\t\t\t<div class=\"elementor-widget-container\">\n\t\t\t\t\t\t\t\t\t<p><b>Favoritos<\/b><strong>:\u00a0<a href=\"https:\/\/germanbruno.com\/es\/dashboard\/wishlist\/\">Clic aqu\u00ed para ver los cursos que marcaste como favoritos en Tao Training<\/a><\/strong><\/p><p class=\"translation-block\"><b>Soporte T\u00e9cnico<\/b>: Si tienes problemas t\u00e9cnicos con los cursos, env\u00eda un correo electr\u00f3nico a TaiChi@germanbruno.com detallando la situaci\u00f3n. El servicio de soporte t\u00e9cnico puede tardar hasta cinco d\u00edas h\u00e1biles en contactarte.<\/p>\t\t\t\t\t\t\t\t<\/div>\n\t\t\t\t<\/div>\n\t\t\t\t\t<\/div>\n\t\t<\/div>\n\t\t\t\t\t<\/div>\n\t\t<\/section>\n\t\t\t\t<section class=\"elementor-section elementor-top-section elementor-element elementor-element-40e9faf hide-logged-out elementor-section-boxed elementor-section-height-default elementor-section-height-default\" data-id=\"40e9faf\" data-element_type=\"section\">\n\t\t\t\t\t\t<div class=\"elementor-container elementor-column-gap-default\">\n\t\t\t\t\t<div class=\"elementor-column elementor-col-100 elementor-top-column elementor-element elementor-element-30ec0c2\" data-id=\"30ec0c2\" data-element_type=\"column\">\n\t\t\t<div class=\"elementor-widget-wrap elementor-element-populated\">\n\t\t\t\t\t\t<section class=\"elementor-section elementor-inner-section elementor-element elementor-element-1ed4a6d elementor-section-boxed elementor-section-height-default elementor-section-height-default\" data-id=\"1ed4a6d\" data-element_type=\"section\">\n\t\t\t\t\t\t<div class=\"elementor-container elementor-column-gap-default\">\n\t\t\t\t\t<div class=\"elementor-column elementor-col-50 elementor-inner-column elementor-element elementor-element-0dd6244\" data-id=\"0dd6244\" data-element_type=\"column\">\n\t\t\t<div class=\"elementor-widget-wrap elementor-element-populated\">\n\t\t\t\t\t\t<div class=\"elementor-element elementor-element-0136382 elementor-align-right elementor-mobile-align-center elementor-widget elementor-widget-button\" data-id=\"0136382\" data-element_type=\"widget\" data-no-translation=\"\" data-widget_type=\"button.default\">\n\t\t\t\t<div class=\"elementor-widget-container\">\n\t\t\t\t\t<style>.elementor-element-0136382{display:none !important}<\/style>\t\t\t\t<\/div>\n\t\t\t\t<\/div>\n\t\t\t\t<div class=\"elementor-element elementor-element-0dcd690 elementor-align-right elementor-mobile-align-center elementor-widget elementor-widget-button\" data-id=\"0dcd690\" data-element_type=\"widget\" data-no-translation=\"\" data-widget_type=\"button.default\">\n\t\t\t\t<div class=\"elementor-widget-container\">\n\t\t\t\t\t\t\t\t\t<div class=\"elementor-button-wrapper\">\n\t\t\t\t\t<a class=\"elementor-button elementor-button-link elementor-size-sm\" href=\"\/es\/course-category\/all-training-plans\/?loop_content_only=false&#038;keyword=&#038;tutor-course-filter-category=43&#038;trp-form-language=es&#038;course_filter=true&#038;loop_content_only=false&#038;column_per_row=3&#038;course_per_page=12&#038;show_pagination=false&#038;current_page=1&#038;action=tutor_course_filter_ajax\">\n\t\t\t\t\t\t<span class=\"elementor-button-content-wrapper\">\n\t\t\t\t\t\t\t\t\t<span class=\"elementor-button-text\">Nuevos Cursos para hacer a tu ritmo<\/span>\n\t\t\t\t\t<\/span>\n\t\t\t\t\t<\/a>\n\t\t\t\t<\/div>\n\t\t\t\t\t\t\t\t<\/div>\n\t\t\t\t<\/div>\n\t\t\t\t\t<\/div>\n\t\t<\/div>\n\t\t\t\t<div class=\"elementor-column elementor-col-50 elementor-inner-column elementor-element elementor-element-b763f37\" data-id=\"b763f37\" data-element_type=\"column\">\n\t\t\t<div class=\"elementor-widget-wrap elementor-element-populated\">\n\t\t\t\t\t\t<div class=\"elementor-element elementor-element-08bc617 elementor-align-left elementor-mobile-align-center elementor-widget elementor-widget-button\" data-id=\"08bc617\" data-element_type=\"widget\" data-widget_type=\"button.default\">\n\t\t\t\t<div class=\"elementor-widget-container\">\n\t\t\t\t\t\t\t\t\t<div class=\"elementor-button-wrapper\">\n\t\t\t\t\t<a class=\"elementor-button elementor-button-link elementor-size-sm\" href=\"\/es\/#classes\">\n\t\t\t\t\t\t<span class=\"elementor-button-content-wrapper\">\n\t\t\t\t\t\t\t\t\t<span class=\"elementor-button-text\">Suscribirse a Clases Semanales Online<\/span>\n\t\t\t\t\t<\/span>\n\t\t\t\t\t<\/a>\n\t\t\t\t<\/div>\n\t\t\t\t\t\t\t\t<\/div>\n\t\t\t\t<\/div>\n\t\t\t\t<div class=\"elementor-element elementor-element-f7b7dc9 elementor-align-left elementor-mobile-align-center elementor-hidden-desktop elementor-hidden-tablet elementor-hidden-mobile elementor-widget elementor-widget-button\" data-id=\"f7b7dc9\" data-element_type=\"widget\" data-widget_type=\"button.default\">\n\t\t\t\t<div class=\"elementor-widget-container\">\n\t\t\t\t\t\t\t\t\t<div class=\"elementor-button-wrapper\">\n\t\t\t\t\t<a class=\"elementor-button elementor-button-link elementor-size-sm\" href=\"https:\/\/germanbruno.com\/es\/membership-account\/membership-levels\/\">\n\t\t\t\t\t\t<span class=\"elementor-button-content-wrapper\">\n\t\t\t\t\t\t\t\t\t<span class=\"elementor-button-text\">Suscribirse a Clases Semanales Online<\/span>\n\t\t\t\t\t<\/span>\n\t\t\t\t\t<\/a>\n\t\t\t\t<\/div>\n\t\t\t\t\t\t\t\t<\/div>\n\t\t\t\t<\/div>\n\t\t\t\t\t<\/div>\n\t\t<\/div>\n\t\t\t\t\t<\/div>\n\t\t<\/section>\n\t\t\t\t\t<\/div>\n\t\t<\/div>\n\t\t\t\t\t<\/div>\n\t\t<\/section>\n\t\t\t\t<section class=\"elementor-section elementor-top-section elementor-element elementor-element-f700277 elementor-hidden-desktop elementor-hidden-tablet elementor-hidden-mobile elementor-section-boxed elementor-section-height-default elementor-section-height-default\" data-id=\"f700277\" data-element_type=\"section\">\n\t\t\t\t\t\t<div class=\"elementor-container elementor-column-gap-default\">\n\t\t\t\t\t<div class=\"elementor-column elementor-col-100 elementor-top-column elementor-element elementor-element-9e549ca\" data-id=\"9e549ca\" data-element_type=\"column\">\n\t\t\t<div class=\"elementor-widget-wrap elementor-element-populated\">\n\t\t\t\t\t\t<div class=\"elementor-element elementor-element-cedd7b4 elementor-widget elementor-widget-heading\" data-id=\"cedd7b4\" data-element_type=\"widget\" data-widget_type=\"heading.default\">\n\t\t\t\t<div class=\"elementor-widget-container\">\n\t\t\t\t\t<h4 class=\"elementor-heading-title elementor-size-default\">HIDDEN BUTTONS DOWN HERE WITH CLASS STYLE hide-logged-in. USE NAVIGATOR TO LOCATED IT:<\/h4>\t\t\t\t<\/div>\n\t\t\t\t<\/div>\n\t\t\t\t\t<\/div>\n\t\t<\/div>\n\t\t\t\t\t<\/div>\n\t\t<\/section>\n\t\t\t\t<section class=\"elementor-section elementor-top-section elementor-element elementor-element-bdb317c hide-logged-in elementor-section-boxed elementor-section-height-default elementor-section-height-default\" data-id=\"bdb317c\" data-element_type=\"section\">\n\t\t\t\t\t\t<div class=\"elementor-container elementor-column-gap-default\">\n\t\t\t\t\t<div class=\"elementor-column elementor-col-100 elementor-top-column elementor-element elementor-element-dc2b287\" data-id=\"dc2b287\" data-element_type=\"column\">\n\t\t\t<div class=\"elementor-widget-wrap elementor-element-populated\">\n\t\t\t\t\t\t<div class=\"elementor-element elementor-element-7854663 elementor-widget elementor-widget-heading\" data-id=\"7854663\" data-element_type=\"widget\" data-widget_type=\"heading.default\">\n\t\t\t\t<div class=\"elementor-widget-container\">\n\t\t\t\t\t<h2 class=\"elementor-heading-title elementor-size-default\">Por favor Accede o Suscr\u00edbete<\/h2>\t\t\t\t<\/div>\n\t\t\t\t<\/div>\n\t\t\t\t\t<\/div>\n\t\t<\/div>\n\t\t\t\t\t<\/div>\n\t\t<\/section>\n\t\t\t\t<section class=\"elementor-section elementor-top-section elementor-element elementor-element-f837324 hide-logged-in elementor-section-boxed elementor-section-height-default elementor-section-height-default\" data-id=\"f837324\" data-element_type=\"section\">\n\t\t\t\t\t\t<div class=\"elementor-container elementor-column-gap-default\">\n\t\t\t\t\t<div class=\"elementor-column elementor-col-100 elementor-top-column elementor-element elementor-element-229c8cf\" data-id=\"229c8cf\" data-element_type=\"column\">\n\t\t\t<div class=\"elementor-widget-wrap elementor-element-populated\">\n\t\t\t\t\t\t<div class=\"elementor-element elementor-element-8bb852a elementor-widget elementor-widget-text-editor\" data-id=\"8bb852a\" data-element_type=\"widget\" data-widget_type=\"text-editor.default\">\n\t\t\t\t<div class=\"elementor-widget-container\">\n\t\t\t\t\t\t\t\t\t<p class=\"translation-block\">Aqu\u00ed puedes encontrar: <br>\u2013 Cursos que has comprado<br>\u2013 Enlace para abrir clases en vivo online<br>\u2013 \u00daltimas grabaciones de clases semanales<\/p><p>Este contenido es Solo para Alumnos.\u00a0<\/p>\t\t\t\t\t\t\t\t<\/div>\n\t\t\t\t<\/div>\n\t\t\t\t<section class=\"elementor-section elementor-inner-section elementor-element elementor-element-e289ce9 elementor-section-boxed elementor-section-height-default elementor-section-height-default\" data-id=\"e289ce9\" data-element_type=\"section\">\n\t\t\t\t\t\t<div class=\"elementor-container elementor-column-gap-default\">\n\t\t\t\t\t<div class=\"elementor-column elementor-col-50 elementor-inner-column elementor-element elementor-element-f7f6713\" data-id=\"f7f6713\" data-element_type=\"column\">\n\t\t\t<div class=\"elementor-widget-wrap elementor-element-populated\">\n\t\t\t\t\t\t<div class=\"elementor-element elementor-element-61e7ace elementor-align-right elementor-mobile-align-center elementor-widget elementor-widget-button\" data-id=\"61e7ace\" data-element_type=\"widget\" data-widget_type=\"button.default\">\n\t\t\t\t<div class=\"elementor-widget-container\">\n\t\t\t\t\t\t\t\t\t<div class=\"elementor-button-wrapper\">\n\t\t\t\t\t<a class=\"elementor-button elementor-button-link elementor-size-sm\" href=\"https:\/\/germanbruno.com\/es\/login\/?redirect_to=%2Flanding%2F?refresh=1\">\n\t\t\t\t\t\t<span class=\"elementor-button-content-wrapper\">\n\t\t\t\t\t\t\t\t\t<span class=\"elementor-button-text\">Ingreso Alumno<\/span>\n\t\t\t\t\t<\/span>\n\t\t\t\t\t<\/a>\n\t\t\t\t<\/div>\n\t\t\t\t\t\t\t\t<\/div>\n\t\t\t\t<\/div>\n\t\t\t\t\t<\/div>\n\t\t<\/div>\n\t\t\t\t<div class=\"elementor-column elementor-col-50 elementor-inner-column elementor-element elementor-element-8f86123\" data-id=\"8f86123\" data-element_type=\"column\">\n\t\t\t<div class=\"elementor-widget-wrap elementor-element-populated\">\n\t\t\t\t\t\t<div class=\"elementor-element elementor-element-91e564f elementor-align-left elementor-mobile-align-center elementor-widget elementor-widget-button\" data-id=\"91e564f\" data-element_type=\"widget\" data-widget_type=\"button.default\">\n\t\t\t\t<div class=\"elementor-widget-container\">\n\t\t\t\t\t\t\t\t\t<div class=\"elementor-button-wrapper\">\n\t\t\t\t\t<a class=\"elementor-button elementor-button-link elementor-size-sm\" href=\"\/es\/#classes\">\n\t\t\t\t\t\t<span class=\"elementor-button-content-wrapper\">\n\t\t\t\t\t\t\t\t\t<span class=\"elementor-button-text\">\u00a1Comienza Ahora!<\/span>\n\t\t\t\t\t<\/span>\n\t\t\t\t\t<\/a>\n\t\t\t\t<\/div>\n\t\t\t\t\t\t\t\t<\/div>\n\t\t\t\t<\/div>\n\t\t\t\t\t<\/div>\n\t\t<\/div>\n\t\t\t\t\t<\/div>\n\t\t<\/section>\n\t\t\t\t\t<\/div>\n\t\t<\/div>\n\t\t\t\t\t<\/div>\n\t\t<\/section>\n\t\t\t\t<\/div>","protected":false},"excerpt":{"rendered":"<p>STUDENTS ONLY STUDENTS ONLY Hi&nbsp; ! &nbsp;&nbsp;&nbsp; My Account Purchased courses: Find Courses you purchased here:\u00a0Click here to open your Self-paced Courses Favorites:\u00a0Click here to open your bookmarked\u00a0Tao Training\u00a0courses Support Desk: If you are experiencing technical issues with Courses, please\u00a0send an email to TaiChi@germanbruno.com detailing the situation. Support Desk may take up to five business [&hellip;]<\/p>","protected":false},"author":1,"featured_media":0,"parent":0,"menu_order":0,"comment_status":"closed","ping_status":"closed","template":"","meta":{"pmpro_default_level":"","jetpack_post_was_ever_published":false,"footnotes":""},"class_list":["post-4154","page","type-page","status-publish","hentry","pmpro-has-access"],"jetpack_sharing_enabled":true,"jetpack_shortlink":"https:\/\/wp.me\/PfqX0C-150","_links":{"self":[{"href":"https:\/\/germanbruno.com\/es\/wp-json\/wp\/v2\/pages\/4154","targetHints":{"allow":["GET"]}}],"collection":[{"href":"https:\/\/germanbruno.com\/es\/wp-json\/wp\/v2\/pages"}],"about":[{"href":"https:\/\/germanbruno.com\/es\/wp-json\/wp\/v2\/types\/page"}],"author":[{"embeddable":true,"href":"https:\/\/germanbruno.com\/es\/wp-json\/wp\/v2\/users\/1"}],"replies":[{"embeddable":true,"href":"https:\/\/germanbruno.com\/es\/wp-json\/wp\/v2\/comments?post=4154"}],"version-history":[{"count":539,"href":"https:\/\/germanbruno.com\/es\/wp-json\/wp\/v2\/pages\/4154\/revisions"}],"predecessor-version":[{"id":7080,"href":"https:\/\/germanbruno.com\/es\/wp-json\/wp\/v2\/pages\/4154\/revisions\/7080"}],"wp:attachment":[{"href":"https:\/\/germanbruno.com\/es\/wp-json\/wp\/v2\/media?parent=4154"}],"curies":[{"name":"wp","href":"https:\/\/api.w.org\/{rel}","templated":true}]}}